{"id":256,"date":"2025-10-31T15:16:08","date_gmt":"2025-10-31T15:16:08","guid":{"rendered":"https:\/\/vedrennealyson.alwaysdata.net\/?page_id=256"},"modified":"2025-11-28T13:32:14","modified_gmt":"2025-11-28T13:32:14","slug":"notre-histoire","status":"publish","type":"page","link":"https:\/\/leglisesmaconnerie.fr\/index.php\/notre-histoire\/","title":{"rendered":"Notre histoire"},"content":{"rendered":"\t\t<div data-elementor-type=\"wp-page\" data-elementor-id=\"256\" class=\"elementor elementor-256\">\n\t\t\t\t<div class=\"elementor-element elementor-element-217707f e-flex e-con-boxed e-con e-parent\" data-id=\"217707f\" data-element_type=\"container\">\n\t\t\t\t\t<div class=\"e-con-inner\">\n\t\t\t\t<div class=\"elementor-element elementor-element-b6726d4 elementor-widget elementor-widget-heading\" data-id=\"b6726d4\" data-element_type=\"widget\" data-widget_type=\"heading.default\">\n\t\t\t\t\t<h1 class=\"elementor-heading-title elementor-size-default\">Notre Histoire<\/h1>\t\t\t\t<\/div>\n\t\t\t\t\t<\/div>\n\t\t\t\t<\/div>\n\t\t<div class=\"elementor-element elementor-element-98e3095 e-flex e-con-boxed e-con e-parent\" data-id=\"98e3095\" data-element_type=\"container\">\n\t\t\t\t\t<div class=\"e-con-inner\">\n\t\t\t\t<div class=\"elementor-element elementor-element-770ce41 elementor-widget elementor-widget-text-editor\" data-id=\"770ce41\" data-element_type=\"widget\" data-widget_type=\"text-editor.default\">\n\t\t\t\t\t\t\t\t\t<p><span style=\"color: #54595f; font-family: Roboto, sans-serif; font-size: 17px; font-weight: 400;\">Depuis 1989, <\/span><strong style=\"color: #54595f; font-family: Roboto, sans-serif; font-size: 17px;\" data-start=\"470\" data-end=\"505\">l\u2019Entreprise L\u00e9glise Ma\u00e7onnerie<\/strong><span style=\"color: #54595f; font-family: Roboto, sans-serif; font-size: 17px; font-weight: 400;\">, bas\u00e9e \u00e0 <\/span><strong style=\"color: #54595f; font-family: Roboto, sans-serif; font-size: 17px;\" data-start=\"515\" data-end=\"523\">Hure<\/strong><span style=\"color: #54595f; font-family: Roboto, sans-serif; font-size: 17px; font-weight: 400;\">, met son savoir-faire artisanal au service de ses clients pour des travaux de <\/span><strong style=\"color: #54595f; font-family: Roboto, sans-serif; font-size: 17px;\" data-start=\"602\" data-end=\"643\">construction, r\u00e9novation et extension<\/strong><span style=\"color: #54595f; font-family: Roboto, sans-serif; font-size: 17px; font-weight: 400;\">.<\/span><\/p><p>Fond\u00e9e par <strong data-start=\"656\" data-end=\"676\">Jean-Luc L\u00e9glise<\/strong>, l\u2019entreprise est rapidement devenue une r\u00e9f\u00e9rence locale gr\u00e2ce \u00e0 la qualit\u00e9, la rigueur et le s\u00e9rieux de son \u00e9quipe.<\/p>\t\t\t\t\t\t\t\t<\/div>\n\t\t\t\t<div class=\"elementor-element elementor-element-8a03d24 elementor-widget elementor-widget-spacer\" data-id=\"8a03d24\" data-element_type=\"widget\" data-widget_type=\"spacer.default\">\n\t\t\t\t\t\t\t<div class=\"elementor-spacer\">\n\t\t\t<div class=\"elementor-spacer-inner\"><\/div>\n\t\t<\/div>\n\t\t\t\t\t\t<\/div>\n\t\t\t\t\t<\/div>\n\t\t\t\t<\/div>\n\t\t<div class=\"elementor-element elementor-element-4d4f750 e-flex e-con-boxed e-con e-parent\" data-id=\"4d4f750\" data-element_type=\"container\" data-settings=\"{&quot;background_background&quot;:&quot;classic&quot;}\">\n\t\t\t\t\t<div class=\"e-con-inner\">\n\t\t<div class=\"elementor-element elementor-element-7241a31 e-con-full e-flex e-con e-child\" data-id=\"7241a31\" data-element_type=\"container\">\n\t\t\t\t<div class=\"elementor-element elementor-element-28e7a0f elementor-widget elementor-widget-image\" data-id=\"28e7a0f\" data-element_type=\"widget\" data-widget_type=\"image.default\">\n\t\t\t\t\t\t\t\t\t\t\t\t\t\t\t<img fetchpriority=\"high\" decoding=\"async\" width=\"500\" height=\"500\" src=\"https:\/\/leglisesmaconnerie.fr\/wp-content\/uploads\/2025\/11\/24-1.png\" class=\"attachment-full size-full wp-image-587\" alt=\"\" srcset=\"https:\/\/leglisesmaconnerie.fr\/wp-content\/uploads\/2025\/11\/24-1.png 500w, https:\/\/leglisesmaconnerie.fr\/wp-content\/uploads\/2025\/11\/24-1-300x300.png 300w, https:\/\/leglisesmaconnerie.fr\/wp-content\/uploads\/2025\/11\/24-1-150x150.png 150w\" sizes=\"(max-width: 500px) 100vw, 500px\" \/>\t\t\t\t\t\t\t\t\t\t\t\t\t\t\t<\/div>\n\t\t\t\t<\/div>\n\t\t<div class=\"elementor-element elementor-element-71573a9 e-con-full e-flex e-con e-child\" data-id=\"71573a9\" data-element_type=\"container\">\n\t\t\t\t<div class=\"elementor-element elementor-element-3ac969f elementor-widget elementor-widget-heading\" data-id=\"3ac969f\" data-element_type=\"widget\" data-widget_type=\"heading.default\">\n\t\t\t\t\t<h3 class=\"elementor-heading-title elementor-size-default\">Une entreprise familiale depuis sa cr\u00e9ation<\/h3>\t\t\t\t<\/div>\n\t\t\t\t<div class=\"elementor-element elementor-element-3ed1804 elementor-widget elementor-widget-spacer\" data-id=\"3ed1804\" data-element_type=\"widget\" data-widget_type=\"spacer.default\">\n\t\t\t\t\t\t\t<div class=\"elementor-spacer\">\n\t\t\t<div class=\"elementor-spacer-inner\"><\/div>\n\t\t<\/div>\n\t\t\t\t\t\t<\/div>\n\t\t\t\t<div class=\"elementor-element elementor-element-55297d9 elementor-widget elementor-widget-text-editor\" data-id=\"55297d9\" data-element_type=\"widget\" data-widget_type=\"text-editor.default\">\n\t\t\t\t\t\t\t\t\t<p>D\u00e8s sa cr\u00e9ation en 1989, Jean-Luc L\u00e9glise a voulu transmettre sa passion de la <strong data-start=\"1102\" data-end=\"1116\">ma\u00e7onnerie<\/strong>.\u00a0<\/p><p>Ses trois fils ont naturellement choisi de suivre ses traces et se sont dirig\u00e9s vers le m\u00eame m\u00e9tier.<\/p><p>Aujourd\u2019hui, les trois travaillent main dans la main dans l\u2019entreprise familiale, perp\u00e9tuant un savoir-faire artisanal et une expertise locale reconnue.<\/p>\t\t\t\t\t\t\t\t<\/div>\n\t\t\t\t<\/div>\n\t\t\t\t\t<\/div>\n\t\t\t\t<\/div>\n\t\t<div class=\"elementor-element elementor-element-deaf23b e-flex e-con-boxed e-con e-parent\" data-id=\"deaf23b\" data-element_type=\"container\">\n\t\t\t\t\t<div class=\"e-con-inner\">\n\t\t\t\t<div class=\"elementor-element elementor-element-bcda49e elementor-widget elementor-widget-spacer\" data-id=\"bcda49e\" data-element_type=\"widget\" data-widget_type=\"spacer.default\">\n\t\t\t\t\t\t\t<div class=\"elementor-spacer\">\n\t\t\t<div class=\"elementor-spacer-inner\"><\/div>\n\t\t<\/div>\n\t\t\t\t\t\t<\/div>\n\t\t\t\t\t<\/div>\n\t\t\t\t<\/div>\n\t\t<div class=\"elementor-element elementor-element-64b1d41 e-flex e-con-boxed e-con e-parent\" data-id=\"64b1d41\" data-element_type=\"container\">\n\t\t\t\t\t<div class=\"e-con-inner\">\n\t\t<div class=\"elementor-element elementor-element-f04c559 e-con-full e-flex e-con e-child\" data-id=\"f04c559\" data-element_type=\"container\">\n\t\t\t\t<div class=\"elementor-element elementor-element-6ad8694 elementor-widget elementor-widget-heading\" data-id=\"6ad8694\" data-element_type=\"widget\" data-widget_type=\"heading.default\">\n\t\t\t\t\t<h3 class=\"elementor-heading-title elementor-size-default\">Transmis de p\u00e8re en fils<\/h3>\t\t\t\t<\/div>\n\t\t\t\t<div class=\"elementor-element elementor-element-5ec0bd7 elementor-widget elementor-widget-spacer\" data-id=\"5ec0bd7\" data-element_type=\"widget\" data-widget_type=\"spacer.default\">\n\t\t\t\t\t\t\t<div class=\"elementor-spacer\">\n\t\t\t<div class=\"elementor-spacer-inner\"><\/div>\n\t\t<\/div>\n\t\t\t\t\t\t<\/div>\n\t\t\t\t<div class=\"elementor-element elementor-element-77b78ea elementor-widget elementor-widget-text-editor\" data-id=\"77b78ea\" data-element_type=\"widget\" data-widget_type=\"text-editor.default\">\n\t\t\t\t\t\t\t\t\t<p>Apr\u00e8s le d\u00e9part \u00e0 la retraite de son p\u00e8re,\u00a0<strong data-start=\"1663\" data-end=\"1681\">Pierre L\u00e9glise<\/strong>\u00a0a repris les r\u00eanes de l\u2019entreprise.\u00a0<\/p><p>Sous sa direction,\u00a0<strong data-start=\"1737\" data-end=\"1759\">L\u00e9glises Ma\u00e7onnerie<\/strong>\u00a0continue de se d\u00e9velopper, en conservant les valeurs familiales qui ont fait sa r\u00e9putation : s\u00e9rieux, qualit\u00e9 et proximit\u00e9 avec les clients.<\/p>\t\t\t\t\t\t\t\t<\/div>\n\t\t\t\t<\/div>\n\t\t<div class=\"elementor-element elementor-element-f8db8cd e-con-full e-flex e-con e-child\" data-id=\"f8db8cd\" data-element_type=\"container\">\n\t\t\t\t<div class=\"elementor-element elementor-element-cedad83 elementor-widget elementor-widget-image\" data-id=\"cedad83\" data-element_type=\"widget\" data-widget_type=\"image.default\">\n\t\t\t\t\t\t\t\t\t\t\t\t\t\t\t<img decoding=\"async\" width=\"500\" height=\"500\" src=\"https:\/\/leglisesmaconnerie.fr\/wp-content\/uploads\/2025\/11\/58.png\" class=\"attachment-full size-full wp-image-622\" alt=\"\" srcset=\"https:\/\/leglisesmaconnerie.fr\/wp-content\/uploads\/2025\/11\/58.png 500w, https:\/\/leglisesmaconnerie.fr\/wp-content\/uploads\/2025\/11\/58-300x300.png 300w, https:\/\/leglisesmaconnerie.fr\/wp-content\/uploads\/2025\/11\/58-150x150.png 150w\" sizes=\"(max-width: 500px) 100vw, 500px\" \/>\t\t\t\t\t\t\t\t\t\t\t\t\t\t\t<\/div>\n\t\t\t\t<\/div>\n\t\t\t\t\t<\/div>\n\t\t\t\t<\/div>\n\t\t<div class=\"elementor-element elementor-element-a1c73df e-flex e-con-boxed e-con e-parent\" data-id=\"a1c73df\" data-element_type=\"container\">\n\t\t\t\t\t<div class=\"e-con-inner\">\n\t\t\t\t<div class=\"elementor-element elementor-element-2729220 elementor-widget elementor-widget-spacer\" data-id=\"2729220\" data-element_type=\"widget\" data-widget_type=\"spacer.default\">\n\t\t\t\t\t\t\t<div class=\"elementor-spacer\">\n\t\t\t<div class=\"elementor-spacer-inner\"><\/div>\n\t\t<\/div>\n\t\t\t\t\t\t<\/div>\n\t\t\t\t\t<\/div>\n\t\t\t\t<\/div>\n\t\t<div class=\"elementor-element elementor-element-395d7b4 e-flex e-con-boxed e-con e-parent\" data-id=\"395d7b4\" data-element_type=\"container\" data-settings=\"{&quot;background_background&quot;:&quot;classic&quot;}\">\n\t\t\t\t\t<div class=\"e-con-inner\">\n\t\t<div class=\"elementor-element elementor-element-1041281 e-con-full e-flex e-con e-child\" data-id=\"1041281\" data-element_type=\"container\">\n\t\t\t\t<div class=\"elementor-element elementor-element-00fcfed elementor-widget elementor-widget-image\" data-id=\"00fcfed\" data-element_type=\"widget\" data-widget_type=\"image.default\">\n\t\t\t\t\t\t\t\t\t\t\t\t\t\t\t<img decoding=\"async\" width=\"500\" height=\"500\" src=\"https:\/\/leglisesmaconnerie.fr\/wp-content\/uploads\/2025\/11\/44.png\" class=\"attachment-full size-full wp-image-607\" alt=\"\" srcset=\"https:\/\/leglisesmaconnerie.fr\/wp-content\/uploads\/2025\/11\/44.png 500w, https:\/\/leglisesmaconnerie.fr\/wp-content\/uploads\/2025\/11\/44-300x300.png 300w, https:\/\/leglisesmaconnerie.fr\/wp-content\/uploads\/2025\/11\/44-150x150.png 150w\" sizes=\"(max-width: 500px) 100vw, 500px\" \/>\t\t\t\t\t\t\t\t\t\t\t\t\t\t\t<\/div>\n\t\t\t\t<\/div>\n\t\t<div class=\"elementor-element elementor-element-b0217d3 e-con-full e-flex e-con e-child\" data-id=\"b0217d3\" data-element_type=\"container\">\n\t\t\t\t<div class=\"elementor-element elementor-element-b06cfcf elementor-widget elementor-widget-heading\" data-id=\"b06cfcf\" data-element_type=\"widget\" data-widget_type=\"heading.default\">\n\t\t\t\t\t<h3 class=\"elementor-heading-title elementor-size-default\">Notre savoir-faire et nos valeurs<\/h3>\t\t\t\t<\/div>\n\t\t\t\t<div class=\"elementor-element elementor-element-1e4e8a4 elementor-widget elementor-widget-spacer\" data-id=\"1e4e8a4\" data-element_type=\"widget\" data-widget_type=\"spacer.default\">\n\t\t\t\t\t\t\t<div class=\"elementor-spacer\">\n\t\t\t<div class=\"elementor-spacer-inner\"><\/div>\n\t\t<\/div>\n\t\t\t\t\t\t<\/div>\n\t\t\t\t<div class=\"elementor-element elementor-element-a0bc8ea elementor-widget elementor-widget-text-editor\" data-id=\"a0bc8ea\" data-element_type=\"widget\" data-widget_type=\"text-editor.default\">\n\t\t\t\t\t\t\t\t\t<p data-start=\"2110\" data-end=\"2412\">Chez&nbsp;<strong data-start=\"2134\" data-end=\"2156\">L\u00e9glises Ma\u00e7onnerie<\/strong>, chaque projet est trait\u00e9 avec&nbsp;<strong data-start=\"2188\" data-end=\"2210\">rigueur et passion<\/strong>.&nbsp;<\/p>\n<p data-start=\"2110\" data-end=\"2412\">Que ce soit pour une&nbsp;<strong data-start=\"2233\" data-end=\"2255\">construction neuve<\/strong>, une&nbsp;<strong data-start=\"2261\" data-end=\"2284\">r\u00e9novation compl\u00e8te<\/strong>&nbsp;ou une&nbsp;<strong data-start=\"2292\" data-end=\"2305\">extension<\/strong>, notre \u00e9quipe familiale garantit un&nbsp;<strong data-start=\"2342\" data-end=\"2394\">travail soign\u00e9, durable et conforme aux attentes<\/strong>&nbsp;de nos clients.<\/p>\n<p data-start=\"2110\" data-end=\"2412\">Nous attachons une grande importance \u00e0 la&nbsp;<strong data-start=\"2502\" data-end=\"2544\">relation de confiance avec nos clients<\/strong>, ainsi qu\u2019au respect des&nbsp;<strong data-start=\"2570\" data-end=\"2595\">d\u00e9lais et des budgets<\/strong>, afin de vous offrir une exp\u00e9rience fluide et s\u00e9curis\u00e9e.<\/p>\t\t\t\t\t\t\t\t<\/div>\n\t\t\t\t<div class=\"elementor-element elementor-element-2fccaa3 elementor-mobile-align-center elementor-widget elementor-widget-button\" data-id=\"2fccaa3\" data-element_type=\"widget\" data-widget_type=\"button.default\">\n\t\t\t\t\t\t\t\t\t\t<a class=\"elementor-button elementor-button-link elementor-size-sm\" href=\"https:\/\/vedrennealyson.alwaysdata.net\/index.php\/contact\/\">\n\t\t\t\t\t\t<span class=\"elementor-button-content-wrapper\">\n\t\t\t\t\t\t\t\t\t<span class=\"elementor-button-text\">DEVIS 100% GRATUIT<\/span>\n\t\t\t\t\t<\/span>\n\t\t\t\t\t<\/a>\n\t\t\t\t\t\t\t\t<\/div>\n\t\t\t\t<\/div>\n\t\t\t\t\t<\/div>\n\t\t\t\t<\/div>\n\t\t\t\t<\/div>\n\t\t","protected":false},"excerpt":{"rendered":"<p>Notre Histoire Depuis 1989, l\u2019Entreprise L\u00e9glise Ma\u00e7onnerie, bas\u00e9e \u00e0 Hure, met son savoir-faire artisanal au service de ses clients pour des travaux de construction, r\u00e9novation et extension. Fond\u00e9e par Jean-Luc L\u00e9glise, l\u2019entreprise est rapidement devenue une r\u00e9f\u00e9rence locale gr\u00e2ce \u00e0 la qualit\u00e9, la rigueur et le s\u00e9rieux de son \u00e9quipe. Une entreprise familiale depuis sa [&hellip;]<\/p>\n","protected":false},"author":1,"featured_media":0,"parent":0,"menu_order":0,"comment_status":"closed","ping_status":"closed","template":"","meta":{"footnotes":""},"class_list":["post-256","page","type-page","status-publish","hentry"],"yoast_head":"<!-- This site is optimized with the Yoast SEO plugin v26.2 - https:\/\/yoast.com\/wordpress\/plugins\/seo\/ -->\n<title>Notre histoire - L\u00e9glises Ma\u00e7onnerie<\/title>\n<meta name=\"description\" content=\"Depuis plusieurs g\u00e9n\u00e9rations, notre entreprise familiale de ma\u00e7onnerie en Nouvelle-Aquitaine r\u00e9alise vos projets avec soin et expertise\" \/>\n<meta name=\"robots\" content=\"index, follow, max-snippet:-1, max-image-preview:large, max-video-preview:-1\" \/>\n<link rel=\"canonical\" href=\"https:\/\/leglisesmaconnerie.fr\/index.php\/notre-histoire\/\" \/>\n<meta property=\"og:locale\" content=\"fr_FR\" \/>\n<meta property=\"og:type\" content=\"article\" \/>\n<meta property=\"og:title\" content=\"Notre histoire - L\u00e9glises Ma\u00e7onnerie\" \/>\n<meta property=\"og:description\" content=\"Depuis plusieurs g\u00e9n\u00e9rations, notre entreprise familiale de ma\u00e7onnerie en Nouvelle-Aquitaine r\u00e9alise vos projets avec soin et expertise\" \/>\n<meta property=\"og:url\" content=\"https:\/\/leglisesmaconnerie.fr\/index.php\/notre-histoire\/\" \/>\n<meta property=\"og:site_name\" content=\"L\u00e9glises Ma\u00e7onnerie\" \/>\n<meta property=\"article:modified_time\" content=\"2025-11-28T13:32:14+00:00\" \/>\n<meta property=\"og:image\" content=\"https:\/\/leglisesmaconnerie.fr\/wp-content\/uploads\/2025\/11\/24-1.png\" \/>\n\t<meta property=\"og:image:width\" content=\"500\" \/>\n\t<meta property=\"og:image:height\" content=\"500\" \/>\n\t<meta property=\"og:image:type\" content=\"image\/png\" \/>\n<meta name=\"twitter:card\" content=\"summary_large_image\" \/>\n<meta name=\"twitter:label1\" content=\"Dur\u00e9e de lecture estim\u00e9e\" \/>\n\t<meta name=\"twitter:data1\" content=\"2 minutes\" \/>\n<script type=\"application\/ld+json\" class=\"yoast-schema-graph\">{\"@context\":\"https:\/\/schema.org\",\"@graph\":[{\"@type\":\"WebPage\",\"@id\":\"https:\/\/leglisesmaconnerie.fr\/index.php\/notre-histoire\/\",\"url\":\"https:\/\/leglisesmaconnerie.fr\/index.php\/notre-histoire\/\",\"name\":\"Notre histoire - L\u00e9glises Ma\u00e7onnerie\",\"isPartOf\":{\"@id\":\"https:\/\/leglisesmaconnerie.fr\/#website\"},\"primaryImageOfPage\":{\"@id\":\"https:\/\/leglisesmaconnerie.fr\/index.php\/notre-histoire\/#primaryimage\"},\"image\":{\"@id\":\"https:\/\/leglisesmaconnerie.fr\/index.php\/notre-histoire\/#primaryimage\"},\"thumbnailUrl\":\"https:\/\/leglisesmaconnerie.fr\/wp-content\/uploads\/2025\/11\/24-1.png\",\"datePublished\":\"2025-10-31T15:16:08+00:00\",\"dateModified\":\"2025-11-28T13:32:14+00:00\",\"description\":\"Depuis plusieurs g\u00e9n\u00e9rations, notre entreprise familiale de ma\u00e7onnerie en Nouvelle-Aquitaine r\u00e9alise vos projets avec soin et expertise\",\"breadcrumb\":{\"@id\":\"https:\/\/leglisesmaconnerie.fr\/index.php\/notre-histoire\/#breadcrumb\"},\"inLanguage\":\"fr-FR\",\"potentialAction\":[{\"@type\":\"ReadAction\",\"target\":[\"https:\/\/leglisesmaconnerie.fr\/index.php\/notre-histoire\/\"]}]},{\"@type\":\"ImageObject\",\"inLanguage\":\"fr-FR\",\"@id\":\"https:\/\/leglisesmaconnerie.fr\/index.php\/notre-histoire\/#primaryimage\",\"url\":\"https:\/\/leglisesmaconnerie.fr\/wp-content\/uploads\/2025\/11\/24-1.png\",\"contentUrl\":\"https:\/\/leglisesmaconnerie.fr\/wp-content\/uploads\/2025\/11\/24-1.png\",\"width\":500,\"height\":500},{\"@type\":\"BreadcrumbList\",\"@id\":\"https:\/\/leglisesmaconnerie.fr\/index.php\/notre-histoire\/#breadcrumb\",\"itemListElement\":[{\"@type\":\"ListItem\",\"position\":1,\"name\":\"Accueil\",\"item\":\"https:\/\/leglisesmaconnerie.fr\/\"},{\"@type\":\"ListItem\",\"position\":2,\"name\":\"Notre histoire\"}]},{\"@type\":\"WebSite\",\"@id\":\"https:\/\/leglisesmaconnerie.fr\/#website\",\"url\":\"https:\/\/leglisesmaconnerie.fr\/\",\"name\":\"L\u00e9glises Ma\u00e7onnerie\",\"description\":\"\",\"publisher\":{\"@id\":\"https:\/\/leglisesmaconnerie.fr\/#organization\"},\"potentialAction\":[{\"@type\":\"SearchAction\",\"target\":{\"@type\":\"EntryPoint\",\"urlTemplate\":\"https:\/\/leglisesmaconnerie.fr\/?s={search_term_string}\"},\"query-input\":{\"@type\":\"PropertyValueSpecification\",\"valueRequired\":true,\"valueName\":\"search_term_string\"}}],\"inLanguage\":\"fr-FR\"},{\"@type\":\"Organization\",\"@id\":\"https:\/\/leglisesmaconnerie.fr\/#organization\",\"name\":\"L\u00e9glises Ma\u00e7onnerie\",\"url\":\"https:\/\/leglisesmaconnerie.fr\/\",\"logo\":{\"@type\":\"ImageObject\",\"inLanguage\":\"fr-FR\",\"@id\":\"https:\/\/leglisesmaconnerie.fr\/#\/schema\/logo\/image\/\",\"url\":\"https:\/\/leglisesmaconnerie.fr\/wp-content\/uploads\/2025\/10\/5.png\",\"contentUrl\":\"https:\/\/leglisesmaconnerie.fr\/wp-content\/uploads\/2025\/10\/5.png\",\"width\":500,\"height\":500,\"caption\":\"L\u00e9glises Ma\u00e7onnerie\"},\"image\":{\"@id\":\"https:\/\/leglisesmaconnerie.fr\/#\/schema\/logo\/image\/\"}}]}<\/script>\n<!-- \/ Yoast SEO plugin. -->","yoast_head_json":{"title":"Notre histoire - L\u00e9glises Ma\u00e7onnerie","description":"Depuis plusieurs g\u00e9n\u00e9rations, notre entreprise familiale de ma\u00e7onnerie en Nouvelle-Aquitaine r\u00e9alise vos projets avec soin et expertise","robots":{"index":"index","follow":"follow","max-snippet":"max-snippet:-1","max-image-preview":"max-image-preview:large","max-video-preview":"max-video-preview:-1"},"canonical":"https:\/\/leglisesmaconnerie.fr\/index.php\/notre-histoire\/","og_locale":"fr_FR","og_type":"article","og_title":"Notre histoire - L\u00e9glises Ma\u00e7onnerie","og_description":"Depuis plusieurs g\u00e9n\u00e9rations, notre entreprise familiale de ma\u00e7onnerie en Nouvelle-Aquitaine r\u00e9alise vos projets avec soin et expertise","og_url":"https:\/\/leglisesmaconnerie.fr\/index.php\/notre-histoire\/","og_site_name":"L\u00e9glises Ma\u00e7onnerie","article_modified_time":"2025-11-28T13:32:14+00:00","og_image":[{"width":500,"height":500,"url":"https:\/\/leglisesmaconnerie.fr\/wp-content\/uploads\/2025\/11\/24-1.png","type":"image\/png"}],"twitter_card":"summary_large_image","twitter_misc":{"Dur\u00e9e de lecture estim\u00e9e":"2 minutes"},"schema":{"@context":"https:\/\/schema.org","@graph":[{"@type":"WebPage","@id":"https:\/\/leglisesmaconnerie.fr\/index.php\/notre-histoire\/","url":"https:\/\/leglisesmaconnerie.fr\/index.php\/notre-histoire\/","name":"Notre histoire - L\u00e9glises Ma\u00e7onnerie","isPartOf":{"@id":"https:\/\/leglisesmaconnerie.fr\/#website"},"primaryImageOfPage":{"@id":"https:\/\/leglisesmaconnerie.fr\/index.php\/notre-histoire\/#primaryimage"},"image":{"@id":"https:\/\/leglisesmaconnerie.fr\/index.php\/notre-histoire\/#primaryimage"},"thumbnailUrl":"https:\/\/leglisesmaconnerie.fr\/wp-content\/uploads\/2025\/11\/24-1.png","datePublished":"2025-10-31T15:16:08+00:00","dateModified":"2025-11-28T13:32:14+00:00","description":"Depuis plusieurs g\u00e9n\u00e9rations, notre entreprise familiale de ma\u00e7onnerie en Nouvelle-Aquitaine r\u00e9alise vos projets avec soin et expertise","breadcrumb":{"@id":"https:\/\/leglisesmaconnerie.fr\/index.php\/notre-histoire\/#breadcrumb"},"inLanguage":"fr-FR","potentialAction":[{"@type":"ReadAction","target":["https:\/\/leglisesmaconnerie.fr\/index.php\/notre-histoire\/"]}]},{"@type":"ImageObject","inLanguage":"fr-FR","@id":"https:\/\/leglisesmaconnerie.fr\/index.php\/notre-histoire\/#primaryimage","url":"https:\/\/leglisesmaconnerie.fr\/wp-content\/uploads\/2025\/11\/24-1.png","contentUrl":"https:\/\/leglisesmaconnerie.fr\/wp-content\/uploads\/2025\/11\/24-1.png","width":500,"height":500},{"@type":"BreadcrumbList","@id":"https:\/\/leglisesmaconnerie.fr\/index.php\/notre-histoire\/#breadcrumb","itemListElement":[{"@type":"ListItem","position":1,"name":"Accueil","item":"https:\/\/leglisesmaconnerie.fr\/"},{"@type":"ListItem","position":2,"name":"Notre histoire"}]},{"@type":"WebSite","@id":"https:\/\/leglisesmaconnerie.fr\/#website","url":"https:\/\/leglisesmaconnerie.fr\/","name":"L\u00e9glises Ma\u00e7onnerie","description":"","publisher":{"@id":"https:\/\/leglisesmaconnerie.fr\/#organization"},"potentialAction":[{"@type":"SearchAction","target":{"@type":"EntryPoint","urlTemplate":"https:\/\/leglisesmaconnerie.fr\/?s={search_term_string}"},"query-input":{"@type":"PropertyValueSpecification","valueRequired":true,"valueName":"search_term_string"}}],"inLanguage":"fr-FR"},{"@type":"Organization","@id":"https:\/\/leglisesmaconnerie.fr\/#organization","name":"L\u00e9glises Ma\u00e7onnerie","url":"https:\/\/leglisesmaconnerie.fr\/","logo":{"@type":"ImageObject","inLanguage":"fr-FR","@id":"https:\/\/leglisesmaconnerie.fr\/#\/schema\/logo\/image\/","url":"https:\/\/leglisesmaconnerie.fr\/wp-content\/uploads\/2025\/10\/5.png","contentUrl":"https:\/\/leglisesmaconnerie.fr\/wp-content\/uploads\/2025\/10\/5.png","width":500,"height":500,"caption":"L\u00e9glises Ma\u00e7onnerie"},"image":{"@id":"https:\/\/leglisesmaconnerie.fr\/#\/schema\/logo\/image\/"}}]}},"_links":{"self":[{"href":"https:\/\/leglisesmaconnerie.fr\/index.php\/wp-json\/wp\/v2\/pages\/256","targetHints":{"allow":["GET"]}}],"collection":[{"href":"https:\/\/leglisesmaconnerie.fr\/index.php\/wp-json\/wp\/v2\/pages"}],"about":[{"href":"https:\/\/leglisesmaconnerie.fr\/index.php\/wp-json\/wp\/v2\/types\/page"}],"author":[{"embeddable":true,"href":"https:\/\/leglisesmaconnerie.fr\/index.php\/wp-json\/wp\/v2\/users\/1"}],"replies":[{"embeddable":true,"href":"https:\/\/leglisesmaconnerie.fr\/index.php\/wp-json\/wp\/v2\/comments?post=256"}],"version-history":[{"count":73,"href":"https:\/\/leglisesmaconnerie.fr\/index.php\/wp-json\/wp\/v2\/pages\/256\/revisions"}],"predecessor-version":[{"id":966,"href":"https:\/\/leglisesmaconnerie.fr\/index.php\/wp-json\/wp\/v2\/pages\/256\/revisions\/966"}],"wp:attachment":[{"href":"https:\/\/leglisesmaconnerie.fr\/index.php\/wp-json\/wp\/v2\/media?parent=256"}],"curies":[{"name":"wp","href":"https:\/\/api.w.org\/{rel}","templated":true}]}}