{"id":318,"date":"2025-11-07T09:11:13","date_gmt":"2025-11-07T09:11:13","guid":{"rendered":"https:\/\/vedrennealyson.alwaysdata.net\/?page_id=318"},"modified":"2025-11-28T13:38:21","modified_gmt":"2025-11-28T13:38:21","slug":"politique-de-confidentialite","status":"publish","type":"page","link":"https:\/\/leglisesmaconnerie.fr\/index.php\/politique-de-confidentialite\/","title":{"rendered":"Politique de confidentialit\u00e9"},"content":{"rendered":"\t\t<div data-elementor-type=\"wp-page\" data-elementor-id=\"318\" class=\"elementor elementor-318\">\n\t\t\t\t<div class=\"elementor-element elementor-element-2e8eac8 e-flex e-con-boxed e-con e-parent\" data-id=\"2e8eac8\" data-element_type=\"container\">\n\t\t\t\t\t<div class=\"e-con-inner\">\n\t\t\t\t<div class=\"elementor-element elementor-element-62c0e04 elementor-widget elementor-widget-heading\" data-id=\"62c0e04\" data-element_type=\"widget\" data-widget_type=\"heading.default\">\n\t\t\t\t\t<h2 class=\"elementor-heading-title elementor-size-default\">Politique de confidentialit\u00e9<\/h2>\t\t\t\t<\/div>\n\t\t\t\t<div class=\"elementor-element elementor-element-9ea4541 elementor-widget elementor-widget-text-editor\" data-id=\"9ea4541\" data-element_type=\"widget\" data-widget_type=\"text-editor.default\">\n\t\t\t\t\t\t\t\t\t<h4 data-start=\"471\" data-end=\"494\"><strong data-start=\"475\" data-end=\"494\">1. Introduction<\/strong><\/h4><p data-start=\"496\" data-end=\"810\">La pr\u00e9sente politique de confidentialit\u00e9 d\u00e9crit la mani\u00e8re dont <strong data-start=\"560\" data-end=\"583\">L\u00e9glises Ma\u00e7onnerie<\/strong>, SARL au capital de 20 000 \u20ac, dont le si\u00e8ge social est situ\u00e9 au 502 Route de la Fortune, 33190 Hure, collecte, utilise et prot\u00e8ge les informations personnelles des utilisateurs de son site internet <strong data-start=\"782\" data-end=\"807\">leglisesmaconnerie.fr<\/strong>.<\/p><p data-start=\"812\" data-end=\"923\">En utilisant ce site, vous acceptez la collecte et l\u2019utilisation de vos donn\u00e9es conform\u00e9ment \u00e0 cette politique.<\/p>\t\t\t\t\t\t\t\t<\/div>\n\t\t\t\t<div class=\"elementor-element elementor-element-e3e266c elementor-widget elementor-widget-text-editor\" data-id=\"e3e266c\" data-element_type=\"widget\" data-widget_type=\"text-editor.default\">\n\t\t\t\t\t\t\t\t\t<h4 data-start=\"930\" data-end=\"978\"><strong data-start=\"934\" data-end=\"978\">2. Responsable du traitement des donn\u00e9es<\/strong><\/h4><p data-start=\"980\" data-end=\"1198\">Le responsable du traitement des donn\u00e9es est :<br data-start=\"1026\" data-end=\"1029\" \/><strong data-start=\"1029\" data-end=\"1052\">L\u00e9glises Ma\u00e7onnerie<\/strong><br data-start=\"1052\" data-end=\"1055\" \/>\ud83d\udccd 502 Route de la Fortune, 33190 Hure<br data-start=\"1093\" data-end=\"1096\" \/>\ud83d\udcde 06 80 04 14 28<br data-start=\"1113\" data-end=\"1116\" \/>\ud83d\udce7 <a class=\"decorated-link cursor-pointer\" rel=\"noopener\" data-start=\"1119\" data-end=\"1148\">leglises.maconnerie@gmail.com<\/a><br data-start=\"1148\" data-end=\"1151\" \/>\ud83d\udc65 G\u00e9rants : Jean-Luc L\u00e9glise et Pierre L\u00e9glise<\/p>\t\t\t\t\t\t\t\t<\/div>\n\t\t\t\t<div class=\"elementor-element elementor-element-4957c80 elementor-widget elementor-widget-text-editor\" data-id=\"4957c80\" data-element_type=\"widget\" data-widget_type=\"text-editor.default\">\n\t\t\t\t\t\t\t\t\t<h4 data-start=\"1205\" data-end=\"1234\"><strong data-start=\"1209\" data-end=\"1234\">3. Donn\u00e9es collect\u00e9es<\/strong><\/h4><p data-start=\"1236\" data-end=\"1371\">Nous collectons uniquement les donn\u00e9es n\u00e9cessaires au bon fonctionnement de notre site et \u00e0 la gestion des demandes des utilisateurs.<\/p><p data-start=\"1373\" data-end=\"1424\">Les donn\u00e9es susceptibles d\u2019\u00eatre collect\u00e9es sont :<\/p><ul data-start=\"1425\" data-end=\"1613\"><li data-start=\"1425\" data-end=\"1446\"><p data-start=\"1427\" data-end=\"1446\"><strong data-start=\"1427\" data-end=\"1444\">Nom et pr\u00e9nom<\/strong><\/p><\/li><li data-start=\"1447\" data-end=\"1469\"><p data-start=\"1449\" data-end=\"1469\"><strong data-start=\"1449\" data-end=\"1467\">Adresse e-mail<\/strong><\/p><\/li><li data-start=\"1470\" data-end=\"1497\"><p data-start=\"1472\" data-end=\"1497\"><strong data-start=\"1472\" data-end=\"1495\">Num\u00e9ro de t\u00e9l\u00e9phone<\/strong><\/p><\/li><li data-start=\"1498\" data-end=\"1550\"><p data-start=\"1500\" data-end=\"1550\"><strong data-start=\"1500\" data-end=\"1519\">Adresse postale<\/strong> (en cas de demande de devis)<\/p><\/li><li data-start=\"1551\" data-end=\"1613\"><p data-start=\"1553\" data-end=\"1613\"><strong data-start=\"1553\" data-end=\"1575\">Contenu du message<\/strong> envoy\u00e9 via le formulaire de contact<\/p><\/li><\/ul><p data-start=\"1615\" data-end=\"1689\">Aucune donn\u00e9e sensible (sant\u00e9, opinions politiques, etc.) n\u2019est collect\u00e9e.<\/p>\t\t\t\t\t\t\t\t<\/div>\n\t\t\t\t<div class=\"elementor-element elementor-element-633896e elementor-widget elementor-widget-text-editor\" data-id=\"633896e\" data-element_type=\"widget\" data-widget_type=\"text-editor.default\">\n\t\t\t\t\t\t\t\t\t<h4 data-start=\"1696\" data-end=\"1731\"><strong data-start=\"1700\" data-end=\"1731\">4. Finalit\u00e9s de la collecte<\/strong><\/h4><p data-start=\"1733\" data-end=\"1782\">Vos donn\u00e9es personnelles sont collect\u00e9es pour :<\/p><ul data-start=\"1783\" data-end=\"2013\"><li data-start=\"1783\" data-end=\"1833\"><p data-start=\"1785\" data-end=\"1833\">R\u00e9pondre \u00e0 vos demandes de contact ou de devis<\/p><\/li><li data-start=\"1834\" data-end=\"1904\"><p data-start=\"1836\" data-end=\"1904\">Vous recontacter pour des informations relatives \u00e0 nos prestations<\/p><\/li><li data-start=\"1905\" data-end=\"1956\"><p data-start=\"1907\" data-end=\"1956\">Am\u00e9liorer nos services et notre relation client<\/p><\/li><li data-start=\"1957\" data-end=\"2013\"><p data-start=\"1959\" data-end=\"2013\">Respecter nos obligations l\u00e9gales et administratives<\/p><\/li><\/ul>\t\t\t\t\t\t\t\t<\/div>\n\t\t\t\t<div class=\"elementor-element elementor-element-f8fff92 elementor-widget elementor-widget-text-editor\" data-id=\"f8fff92\" data-element_type=\"widget\" data-widget_type=\"text-editor.default\">\n\t\t\t\t\t\t\t\t\t<h4 data-start=\"2020\" data-end=\"2056\"><strong data-start=\"2024\" data-end=\"2056\">5. Base l\u00e9gale du traitement<\/strong><\/h4><p data-start=\"2058\" data-end=\"2114\">Le traitement de vos donn\u00e9es personnelles repose sur :<\/p><ul data-start=\"2115\" data-end=\"2337\"><li data-start=\"2115\" data-end=\"2192\"><p data-start=\"2117\" data-end=\"2192\"><strong data-start=\"2117\" data-end=\"2139\">Votre consentement<\/strong> (lorsque vous remplissez le formulaire de contact)<\/p><\/li><li data-start=\"2193\" data-end=\"2250\"><p data-start=\"2195\" data-end=\"2250\"><strong data-start=\"2195\" data-end=\"2223\">L\u2019ex\u00e9cution d\u2019un contrat<\/strong> (si vous devenez client)<\/p><\/li><li data-start=\"2251\" data-end=\"2337\"><p data-start=\"2253\" data-end=\"2337\"><strong data-start=\"2253\" data-end=\"2280\">Les obligations l\u00e9gales<\/strong> de L\u00e9glises Ma\u00e7onnerie (facturation, comptabilit\u00e9, etc.)<\/p><\/li><\/ul>\t\t\t\t\t\t\t\t<\/div>\n\t\t\t\t<div class=\"elementor-element elementor-element-240d667 elementor-widget elementor-widget-text-editor\" data-id=\"240d667\" data-element_type=\"widget\" data-widget_type=\"text-editor.default\">\n\t\t\t\t\t\t\t\t\t<h4 data-start=\"2344\" data-end=\"2388\"><strong data-start=\"2348\" data-end=\"2388\">6. Dur\u00e9e de conservation des donn\u00e9es<\/strong><\/h4><p data-start=\"2390\" data-end=\"2432\">Les donn\u00e9es collect\u00e9es sont conserv\u00e9es :<\/p><ul data-start=\"2433\" data-end=\"2626\"><li data-start=\"2433\" data-end=\"2530\"><p data-start=\"2435\" data-end=\"2530\"><strong data-start=\"2435\" data-end=\"2444\">3 ans<\/strong> apr\u00e8s le dernier contact pour les prospects (demande de devis, contact via le site)<\/p><\/li><li data-start=\"2531\" data-end=\"2626\"><p data-start=\"2533\" data-end=\"2626\"><strong data-start=\"2533\" data-end=\"2543\">10 ans<\/strong> pour les clients, conform\u00e9ment aux obligations l\u00e9gales de conservation comptable<\/p><\/li><\/ul><p data-start=\"2628\" data-end=\"2690\">Pass\u00e9s ces d\u00e9lais, les donn\u00e9es sont supprim\u00e9es ou anonymis\u00e9es.<\/p>\t\t\t\t\t\t\t\t<\/div>\n\t\t\t\t<div class=\"elementor-element elementor-element-c5a748d elementor-widget elementor-widget-text-editor\" data-id=\"c5a748d\" data-element_type=\"widget\" data-widget_type=\"text-editor.default\">\n\t\t\t\t\t\t\t\t\t<h4 data-start=\"2697\" data-end=\"2727\"><strong data-start=\"2701\" data-end=\"2727\">7. Partage des donn\u00e9es<\/strong><\/h4><p data-start=\"2729\" data-end=\"2979\">Vos donn\u00e9es ne sont <strong data-start=\"2749\" data-end=\"2777\">jamais vendues ni lou\u00e9es<\/strong> \u00e0 des tiers.<br data-start=\"2790\" data-end=\"2793\" \/>Elles peuvent \u00eatre transmises uniquement \u00e0 des prestataires techniques (h\u00e9bergeur, maintenance web) <strong data-start=\"2893\" data-end=\"2937\">dans la mesure n\u00e9cessaire \u00e0 leur mission<\/strong> et <strong data-start=\"2941\" data-end=\"2976\">sous contrat de confidentialit\u00e9<\/strong>.<\/p><p data-start=\"2981\" data-end=\"3157\">L\u2019h\u00e9bergement du site et des donn\u00e9es est assur\u00e9 par :<br data-start=\"3034\" data-end=\"3037\" \/><strong data-start=\"3037\" data-end=\"3051\">AlwaysData<\/strong><br data-start=\"3051\" data-end=\"3054\" \/>91 rue du Faubourg Saint-Honor\u00e9, 75008 Paris<br data-start=\"3098\" data-end=\"3101\" \/><a class=\"decorated-link\" href=\"https:\/\/www.alwaysdata.com\" target=\"_new\" rel=\"noopener\" data-start=\"3101\" data-end=\"3157\">https:\/\/www.alwaysdata.com<\/a><\/p>\t\t\t\t\t\t\t\t<\/div>\n\t\t\t\t<div class=\"elementor-element elementor-element-0ce83f3 elementor-widget elementor-widget-text-editor\" data-id=\"0ce83f3\" data-element_type=\"widget\" data-widget_type=\"text-editor.default\">\n\t\t\t\t\t\t\t\t\t<h4 data-start=\"3164\" data-end=\"3195\"><strong data-start=\"3168\" data-end=\"3195\">8. S\u00e9curit\u00e9 des donn\u00e9es<\/strong><\/h4><p data-start=\"3197\" data-end=\"3376\">Nous mettons en \u0153uvre toutes les mesures techniques et organisationnelles n\u00e9cessaires pour prot\u00e9ger vos donn\u00e9es contre tout acc\u00e8s non autoris\u00e9, perte, alt\u00e9ration ou divulgation.<\/p><p data-start=\"3378\" data-end=\"3402\">Ces mesures incluent :<\/p><ul data-start=\"3403\" data-end=\"3571\"><li data-start=\"3403\" data-end=\"3453\"><p data-start=\"3405\" data-end=\"3453\">L\u2019utilisation de connexions s\u00e9curis\u00e9es (HTTPS)<\/p><\/li><li data-start=\"3454\" data-end=\"3526\"><p data-start=\"3456\" data-end=\"3526\">La limitation de l\u2019acc\u00e8s aux donn\u00e9es aux seules personnes autoris\u00e9es<\/p><\/li><li data-start=\"3527\" data-end=\"3571\"><p data-start=\"3529\" data-end=\"3571\">Des sauvegardes r\u00e9guli\u00e8res et s\u00e9curis\u00e9es<\/p><\/li><\/ul>\t\t\t\t\t\t\t\t<\/div>\n\t\t\t\t<div class=\"elementor-element elementor-element-183aff3 elementor-widget elementor-widget-text-editor\" data-id=\"183aff3\" data-element_type=\"widget\" data-widget_type=\"text-editor.default\">\n\t\t\t\t\t\t\t\t\t<h4 data-start=\"3578\" data-end=\"3599\"><strong data-start=\"3582\" data-end=\"3599\">9. Vos droits<\/strong><\/h4><p data-start=\"3601\" data-end=\"3697\">Conform\u00e9ment au RGPD et \u00e0 la loi Informatique et Libert\u00e9s, vous disposez des droits suivants :<\/p><ul data-start=\"3698\" data-end=\"3903\"><li data-start=\"3698\" data-end=\"3729\"><p data-start=\"3700\" data-end=\"3729\">Droit d\u2019acc\u00e8s \u00e0 vos donn\u00e9es<\/p><\/li><li data-start=\"3730\" data-end=\"3756\"><p data-start=\"3732\" data-end=\"3756\">Droit de rectification<\/p><\/li><li data-start=\"3757\" data-end=\"3801\"><p data-start=\"3759\" data-end=\"3801\">Droit \u00e0 l\u2019effacement (\u201cdroit \u00e0 l\u2019oubli\u201d)<\/p><\/li><li data-start=\"3802\" data-end=\"3841\"><p data-start=\"3804\" data-end=\"3841\">Droit \u00e0 la limitation du traitement<\/p><\/li><li data-start=\"3842\" data-end=\"3864\"><p data-start=\"3844\" data-end=\"3864\">Droit d\u2019opposition<\/p><\/li><li data-start=\"3865\" data-end=\"3903\"><p data-start=\"3867\" data-end=\"3903\">Droit \u00e0 la portabilit\u00e9 des donn\u00e9es<\/p><\/li><\/ul><p data-start=\"3905\" data-end=\"4069\">Pour exercer vos droits, contactez-nous \u00e0 :\u00a0<strong data-start=\"3954\" data-end=\"3987\"><a class=\"decorated-link cursor-pointer\" rel=\"noopener\" data-start=\"3956\" data-end=\"3985\">leglises.maconnerie@gmail.com\u00a0<\/a><\/strong>ou par courrier \u00e0 : L\u00e9glises Ma\u00e7onnerie, 502 Route de la Fortune, 33190 Hure<\/p>\t\t\t\t\t\t\t\t<\/div>\n\t\t\t\t<div class=\"elementor-element elementor-element-2c3f690 elementor-widget elementor-widget-text-editor\" data-id=\"2c3f690\" data-element_type=\"widget\" data-widget_type=\"text-editor.default\">\n\t\t\t\t\t\t\t\t\t<h4 data-start=\"4076\" data-end=\"4095\"><strong data-start=\"4080\" data-end=\"4095\">10. Cookies<\/strong><\/h4><p data-start=\"4097\" data-end=\"4165\">Le site <strong data-start=\"4105\" data-end=\"4130\">leglisesmaconnerie.fr<\/strong> peut utiliser des cookies pour :<\/p><ul data-start=\"4166\" data-end=\"4269\"><li data-start=\"4166\" data-end=\"4226\"><p data-start=\"4168\" data-end=\"4226\">Mesurer la fr\u00e9quentation du site (statistiques anonymes)<\/p><\/li><li data-start=\"4227\" data-end=\"4269\"><p data-start=\"4229\" data-end=\"4269\">Am\u00e9liorer votre exp\u00e9rience utilisateur<\/p><\/li><\/ul><p data-start=\"4271\" data-end=\"4350\">Vous pouvez param\u00e9trer votre navigateur pour refuser les cookies \u00e0 tout moment.<\/p>\t\t\t\t\t\t\t\t<\/div>\n\t\t\t\t<div class=\"elementor-element elementor-element-bf8a68a elementor-widget elementor-widget-text-editor\" data-id=\"bf8a68a\" data-element_type=\"widget\" data-widget_type=\"text-editor.default\">\n\t\t\t\t\t\t\t\t\t<h4 data-start=\"4357\" data-end=\"4389\"><strong data-start=\"4361\" data-end=\"4389\">11. M\u00e9diation et recours<\/strong><\/h4><p data-start=\"4391\" data-end=\"4526\">En cas de r\u00e9clamation concernant la gestion de vos donn\u00e9es personnelles, vous pouvez contacter :\u00a0<strong data-start=\"4493\" data-end=\"4526\"><a class=\"decorated-link cursor-pointer\" rel=\"noopener\" data-start=\"4495\" data-end=\"4524\">leglises.maconnerie@gmail.com<\/a><\/strong><\/p><p data-start=\"4528\" data-end=\"4716\">Si vous estimez que vos droits ne sont pas respect\u00e9s, vous pouvez saisir la <strong data-start=\"4604\" data-end=\"4612\">CNIL<\/strong> (Commission Nationale de l\u2019Informatique et des Libert\u00e9s) :<br data-start=\"4671\" data-end=\"4674\" \/><a class=\"decorated-link cursor-pointer\" target=\"_new\" rel=\"noopener\" data-start=\"4674\" data-end=\"4716\">https:\/\/www.cnil.fr<\/a><\/p>\t\t\t\t\t\t\t\t<\/div>\n\t\t\t\t<div class=\"elementor-element elementor-element-41abb37 elementor-widget elementor-widget-text-editor\" data-id=\"41abb37\" data-element_type=\"widget\" data-widget_type=\"text-editor.default\">\n\t\t\t\t\t\t\t\t\t<h4 data-start=\"4723\" data-end=\"4782\"><strong data-start=\"4727\" data-end=\"4782\">12. Modification de la politique de confidentialit\u00e9<\/strong><\/h4><p data-start=\"4784\" data-end=\"4951\">La pr\u00e9sente politique peut \u00eatre mise \u00e0 jour \u00e0 tout moment.<br data-start=\"4842\" data-end=\"4845\" \/>La date de la derni\u00e8re mise \u00e0 jour est indiqu\u00e9e ci-dessous :<br data-start=\"4905\" data-end=\"4908\" \/><strong data-start=\"4911\" data-end=\"4951\">Derni\u00e8re mise \u00e0 jour : novembre 2025<\/strong><\/p>\t\t\t\t\t\t\t\t<\/div>\n\t\t\t\t\t<\/div>\n\t\t\t\t<\/div>\n\t\t\t\t<\/div>\n\t\t","protected":false},"excerpt":{"rendered":"<p>Politique de confidentialit\u00e9 1. Introduction La pr\u00e9sente politique de confidentialit\u00e9 d\u00e9crit la mani\u00e8re dont L\u00e9glises Ma\u00e7onnerie, SARL au capital de 20 000 \u20ac, dont le si\u00e8ge social est situ\u00e9 au 502 Route de la Fortune, 33190 Hure, collecte, utilise et prot\u00e8ge les informations personnelles des utilisateurs de son site internet leglisesmaconnerie.fr. En utilisant ce site, [&hellip;]<\/p>\n","protected":false},"author":1,"featured_media":0,"parent":0,"menu_order":0,"comment_status":"closed","ping_status":"closed","template":"","meta":{"footnotes":""},"class_list":["post-318","page","type-page","status-publish","hentry"],"yoast_head":"<!-- This site is optimized with the Yoast SEO plugin v26.2 - https:\/\/yoast.com\/wordpress\/plugins\/seo\/ -->\n<title>Politique de confidentialit\u00e9 - L\u00e9glises Ma\u00e7onnerie<\/title>\n<meta name=\"robots\" content=\"index, follow, max-snippet:-1, max-image-preview:large, max-video-preview:-1\" \/>\n<link rel=\"canonical\" href=\"https:\/\/leglisesmaconnerie.fr\/index.php\/politique-de-confidentialite\/\" \/>\n<meta property=\"og:locale\" content=\"fr_FR\" \/>\n<meta property=\"og:type\" content=\"article\" \/>\n<meta property=\"og:title\" content=\"Politique de confidentialit\u00e9 - L\u00e9glises Ma\u00e7onnerie\" \/>\n<meta property=\"og:description\" content=\"Politique de confidentialit\u00e9 1. Introduction La pr\u00e9sente politique de confidentialit\u00e9 d\u00e9crit la mani\u00e8re dont L\u00e9glises Ma\u00e7onnerie, SARL au capital de 20 000 \u20ac, dont le si\u00e8ge social est situ\u00e9 au 502 Route de la Fortune, 33190 Hure, collecte, utilise et prot\u00e8ge les informations personnelles des utilisateurs de son site internet leglisesmaconnerie.fr. En utilisant ce site, [&hellip;]\" \/>\n<meta property=\"og:url\" content=\"https:\/\/leglisesmaconnerie.fr\/index.php\/politique-de-confidentialite\/\" \/>\n<meta property=\"og:site_name\" content=\"L\u00e9glises Ma\u00e7onnerie\" \/>\n<meta property=\"article:modified_time\" content=\"2025-11-28T13:38:21+00:00\" \/>\n<meta name=\"twitter:card\" content=\"summary_large_image\" \/>\n<meta name=\"twitter:label1\" content=\"Dur\u00e9e de lecture estim\u00e9e\" \/>\n\t<meta name=\"twitter:data1\" content=\"3 minutes\" \/>\n<script type=\"application\/ld+json\" class=\"yoast-schema-graph\">{\"@context\":\"https:\/\/schema.org\",\"@graph\":[{\"@type\":\"WebPage\",\"@id\":\"https:\/\/leglisesmaconnerie.fr\/index.php\/politique-de-confidentialite\/\",\"url\":\"https:\/\/leglisesmaconnerie.fr\/index.php\/politique-de-confidentialite\/\",\"name\":\"Politique de confidentialit\u00e9 - L\u00e9glises Ma\u00e7onnerie\",\"isPartOf\":{\"@id\":\"https:\/\/leglisesmaconnerie.fr\/#website\"},\"datePublished\":\"2025-11-07T09:11:13+00:00\",\"dateModified\":\"2025-11-28T13:38:21+00:00\",\"breadcrumb\":{\"@id\":\"https:\/\/leglisesmaconnerie.fr\/index.php\/politique-de-confidentialite\/#breadcrumb\"},\"inLanguage\":\"fr-FR\",\"potentialAction\":[{\"@type\":\"ReadAction\",\"target\":[\"https:\/\/leglisesmaconnerie.fr\/index.php\/politique-de-confidentialite\/\"]}]},{\"@type\":\"BreadcrumbList\",\"@id\":\"https:\/\/leglisesmaconnerie.fr\/index.php\/politique-de-confidentialite\/#breadcrumb\",\"itemListElement\":[{\"@type\":\"ListItem\",\"position\":1,\"name\":\"Accueil\",\"item\":\"https:\/\/leglisesmaconnerie.fr\/\"},{\"@type\":\"ListItem\",\"position\":2,\"name\":\"Politique de confidentialit\u00e9\"}]},{\"@type\":\"WebSite\",\"@id\":\"https:\/\/leglisesmaconnerie.fr\/#website\",\"url\":\"https:\/\/leglisesmaconnerie.fr\/\",\"name\":\"L\u00e9glises Ma\u00e7onnerie\",\"description\":\"\",\"publisher\":{\"@id\":\"https:\/\/leglisesmaconnerie.fr\/#organization\"},\"potentialAction\":[{\"@type\":\"SearchAction\",\"target\":{\"@type\":\"EntryPoint\",\"urlTemplate\":\"https:\/\/leglisesmaconnerie.fr\/?s={search_term_string}\"},\"query-input\":{\"@type\":\"PropertyValueSpecification\",\"valueRequired\":true,\"valueName\":\"search_term_string\"}}],\"inLanguage\":\"fr-FR\"},{\"@type\":\"Organization\",\"@id\":\"https:\/\/leglisesmaconnerie.fr\/#organization\",\"name\":\"L\u00e9glises Ma\u00e7onnerie\",\"url\":\"https:\/\/leglisesmaconnerie.fr\/\",\"logo\":{\"@type\":\"ImageObject\",\"inLanguage\":\"fr-FR\",\"@id\":\"https:\/\/leglisesmaconnerie.fr\/#\/schema\/logo\/image\/\",\"url\":\"https:\/\/leglisesmaconnerie.fr\/wp-content\/uploads\/2025\/10\/5.png\",\"contentUrl\":\"https:\/\/leglisesmaconnerie.fr\/wp-content\/uploads\/2025\/10\/5.png\",\"width\":500,\"height\":500,\"caption\":\"L\u00e9glises Ma\u00e7onnerie\"},\"image\":{\"@id\":\"https:\/\/leglisesmaconnerie.fr\/#\/schema\/logo\/image\/\"}}]}<\/script>\n<!-- \/ Yoast SEO plugin. -->","yoast_head_json":{"title":"Politique de confidentialit\u00e9 - L\u00e9glises Ma\u00e7onnerie","robots":{"index":"index","follow":"follow","max-snippet":"max-snippet:-1","max-image-preview":"max-image-preview:large","max-video-preview":"max-video-preview:-1"},"canonical":"https:\/\/leglisesmaconnerie.fr\/index.php\/politique-de-confidentialite\/","og_locale":"fr_FR","og_type":"article","og_title":"Politique de confidentialit\u00e9 - L\u00e9glises Ma\u00e7onnerie","og_description":"Politique de confidentialit\u00e9 1. Introduction La pr\u00e9sente politique de confidentialit\u00e9 d\u00e9crit la mani\u00e8re dont L\u00e9glises Ma\u00e7onnerie, SARL au capital de 20 000 \u20ac, dont le si\u00e8ge social est situ\u00e9 au 502 Route de la Fortune, 33190 Hure, collecte, utilise et prot\u00e8ge les informations personnelles des utilisateurs de son site internet leglisesmaconnerie.fr. En utilisant ce site, [&hellip;]","og_url":"https:\/\/leglisesmaconnerie.fr\/index.php\/politique-de-confidentialite\/","og_site_name":"L\u00e9glises Ma\u00e7onnerie","article_modified_time":"2025-11-28T13:38:21+00:00","twitter_card":"summary_large_image","twitter_misc":{"Dur\u00e9e de lecture estim\u00e9e":"3 minutes"},"schema":{"@context":"https:\/\/schema.org","@graph":[{"@type":"WebPage","@id":"https:\/\/leglisesmaconnerie.fr\/index.php\/politique-de-confidentialite\/","url":"https:\/\/leglisesmaconnerie.fr\/index.php\/politique-de-confidentialite\/","name":"Politique de confidentialit\u00e9 - L\u00e9glises Ma\u00e7onnerie","isPartOf":{"@id":"https:\/\/leglisesmaconnerie.fr\/#website"},"datePublished":"2025-11-07T09:11:13+00:00","dateModified":"2025-11-28T13:38:21+00:00","breadcrumb":{"@id":"https:\/\/leglisesmaconnerie.fr\/index.php\/politique-de-confidentialite\/#breadcrumb"},"inLanguage":"fr-FR","potentialAction":[{"@type":"ReadAction","target":["https:\/\/leglisesmaconnerie.fr\/index.php\/politique-de-confidentialite\/"]}]},{"@type":"BreadcrumbList","@id":"https:\/\/leglisesmaconnerie.fr\/index.php\/politique-de-confidentialite\/#breadcrumb","itemListElement":[{"@type":"ListItem","position":1,"name":"Accueil","item":"https:\/\/leglisesmaconnerie.fr\/"},{"@type":"ListItem","position":2,"name":"Politique de confidentialit\u00e9"}]},{"@type":"WebSite","@id":"https:\/\/leglisesmaconnerie.fr\/#website","url":"https:\/\/leglisesmaconnerie.fr\/","name":"L\u00e9glises Ma\u00e7onnerie","description":"","publisher":{"@id":"https:\/\/leglisesmaconnerie.fr\/#organization"},"potentialAction":[{"@type":"SearchAction","target":{"@type":"EntryPoint","urlTemplate":"https:\/\/leglisesmaconnerie.fr\/?s={search_term_string}"},"query-input":{"@type":"PropertyValueSpecification","valueRequired":true,"valueName":"search_term_string"}}],"inLanguage":"fr-FR"},{"@type":"Organization","@id":"https:\/\/leglisesmaconnerie.fr\/#organization","name":"L\u00e9glises Ma\u00e7onnerie","url":"https:\/\/leglisesmaconnerie.fr\/","logo":{"@type":"ImageObject","inLanguage":"fr-FR","@id":"https:\/\/leglisesmaconnerie.fr\/#\/schema\/logo\/image\/","url":"https:\/\/leglisesmaconnerie.fr\/wp-content\/uploads\/2025\/10\/5.png","contentUrl":"https:\/\/leglisesmaconnerie.fr\/wp-content\/uploads\/2025\/10\/5.png","width":500,"height":500,"caption":"L\u00e9glises Ma\u00e7onnerie"},"image":{"@id":"https:\/\/leglisesmaconnerie.fr\/#\/schema\/logo\/image\/"}}]}},"_links":{"self":[{"href":"https:\/\/leglisesmaconnerie.fr\/index.php\/wp-json\/wp\/v2\/pages\/318","targetHints":{"allow":["GET"]}}],"collection":[{"href":"https:\/\/leglisesmaconnerie.fr\/index.php\/wp-json\/wp\/v2\/pages"}],"about":[{"href":"https:\/\/leglisesmaconnerie.fr\/index.php\/wp-json\/wp\/v2\/types\/page"}],"author":[{"embeddable":true,"href":"https:\/\/leglisesmaconnerie.fr\/index.php\/wp-json\/wp\/v2\/users\/1"}],"replies":[{"embeddable":true,"href":"https:\/\/leglisesmaconnerie.fr\/index.php\/wp-json\/wp\/v2\/comments?post=318"}],"version-history":[{"count":13,"href":"https:\/\/leglisesmaconnerie.fr\/index.php\/wp-json\/wp\/v2\/pages\/318\/revisions"}],"predecessor-version":[{"id":972,"href":"https:\/\/leglisesmaconnerie.fr\/index.php\/wp-json\/wp\/v2\/pages\/318\/revisions\/972"}],"wp:attachment":[{"href":"https:\/\/leglisesmaconnerie.fr\/index.php\/wp-json\/wp\/v2\/media?parent=318"}],"curies":[{"name":"wp","href":"https:\/\/api.w.org\/{rel}","templated":true}]}}